{"id":5541,"date":"2019-06-28T17:41:46","date_gmt":"2019-06-28T17:41:46","guid":{"rendered":"http:\/\/www.re-tramontana.org\/fichier-numerique\/"},"modified":"2025-08-19T11:17:23","modified_gmt":"2025-08-19T11:17:23","slug":"archives-numeriques","status":"publish","type":"page","link":"https:\/\/www.re-tramontana.org\/fr\/archives-numeriques\/","title":{"rendered":"Archives Num\u00e9riques"},"content":{"rendered":"<div class=\"fusion-fullwidth fullwidth-box fusion-builder-row-1 nonhundred-percent-fullwidth non-hundred-percent-height-scrolling\" style=\"--awb-border-radius-top-left:0px;--awb-border-radius-top-right:0px;--awb-border-radius-bottom-right:0px;--awb-border-radius-bottom-left:0px;--awb-flex-wrap:wrap;\" ><div class=\"fusion-builder-row fusion-row\"><div class=\"fusion-layout-column fusion_builder_column fusion-builder-column-0 fusion_builder_column_1_1 1_1 fusion-one-full fusion-column-first fusion-column-last\" style=\"--awb-bg-size:cover;--awb-margin-bottom:0px;\"><div class=\"fusion-column-wrapper fusion-flex-column-wrapper-legacy\"><div class=\"fusion-text fusion-text-1\"><p>Au cours du projet Tramontana III, un effort collectif a \u00e9t\u00e9 accompli pour restituer les milliers de collectes r\u00e9alis\u00e9es et les rendre accessibles au grand public sous forme d\u2019un ensemble int\u00e9gr\u00e9 d\u2019archives num\u00e9riques et d&rsquo;un m\u00e9ta-archive agr\u00e9g\u00e9. \u00c0 cet \u00e9gard, les principales archives ont \u00e9t\u00e9 d\u00e9velopp\u00e9es, am\u00e9lior\u00e9es et\/ou enrichies de milliers d\u2019enregistrements nouveaux. Il s\u2019agit de Soinumapa (Pays Basque \/ Espagne et France), Arquivo Digital Binaural Nodar (centre du Portugal), Oralitat de Gasconha (Pyr\u00e9n\u00e9es fran\u00e7aises) et Grand Sasso and Monti della Laga Intangible Cultural Heritage (Apennins centraux italiens).<\/p>\n<\/div><div class=\"fusion-image-carousel fusion-image-carousel-auto fusion-image-carousel-1 fusion-carousel-border\"><div class=\"awb-carousel awb-swiper awb-swiper-carousel awb-swiper-dots-position-bottom awb-carousel--carousel\" data-layout=\"carousel\" data-autoplay=\"no\" data-autoplayspeed=\"2500\" data-autoplaypause=\"no\" data-columns=\"4\" data-itemmargin=\"13\" data-itemwidth=\"180\" data-touchscroll=\"no\" data-freemode=\"no\" data-imagesize=\"auto\" data-centeredslides=\"no\" data-rotationangle=\"50\" data-depth=\"100\" data-speed=\"500\" data-shadow=\"no\" style=\"--awb-columns:4;\"><div class=\"swiper-wrapper awb-image-carousel-wrapper fusion-flex-align-items-center\"><div class=\"swiper-slide\"><div class=\"fusion-carousel-item-wrapper\"><div class=\"fusion-image-wrapper hover-type-liftup\"><a href=\"https:\/\/www.archive.binauralmedia.org\/\" target=\"_blank\" rel=\"noopener noreferrer\"><img decoding=\"async\" width=\"800\" height=\"600\" src=\"https:\/\/www.re-tramontana.org\/wp-content\/uploads\/2019\/12\/arquivo-digital-binaural-nodar.jpg\" class=\"attachment-full size-full\" alt=\"Arquivo digital binaural nodar\" srcset=\"https:\/\/www.re-tramontana.org\/wp-content\/uploads\/2019\/12\/arquivo-digital-binaural-nodar-200x150.jpg 200w, https:\/\/www.re-tramontana.org\/wp-content\/uploads\/2019\/12\/arquivo-digital-binaural-nodar-400x300.jpg 400w, https:\/\/www.re-tramontana.org\/wp-content\/uploads\/2019\/12\/arquivo-digital-binaural-nodar-600x450.jpg 600w, https:\/\/www.re-tramontana.org\/wp-content\/uploads\/2019\/12\/arquivo-digital-binaural-nodar.jpg 800w\" sizes=\"(min-width: 2200px) 100vw, (min-width: 856px) 265px, (min-width: 784px) 354px, (min-width: 712px) 531px, (min-width: 640px) 712px, \" \/><\/a><\/div><\/div><\/div><div class=\"swiper-slide\"><div class=\"fusion-carousel-item-wrapper\"><div class=\"fusion-image-wrapper hover-type-liftup\"><a href=\"https:\/\/www.gransassolagaich.it\/\" target=\"_blank\" rel=\"noopener noreferrer\"><img decoding=\"async\" width=\"800\" height=\"600\" src=\"https:\/\/www.re-tramontana.org\/wp-content\/uploads\/2019\/12\/gransasso-ich.jpg\" class=\"attachment-full size-full\" alt=\"Gransasso ich\" srcset=\"https:\/\/www.re-tramontana.org\/wp-content\/uploads\/2019\/12\/gransasso-ich-200x150.jpg 200w, https:\/\/www.re-tramontana.org\/wp-content\/uploads\/2019\/12\/gransasso-ich-400x300.jpg 400w, https:\/\/www.re-tramontana.org\/wp-content\/uploads\/2019\/12\/gransasso-ich-600x450.jpg 600w, https:\/\/www.re-tramontana.org\/wp-content\/uploads\/2019\/12\/gransasso-ich.jpg 800w\" sizes=\"(min-width: 2200px) 100vw, (min-width: 856px) 265px, (min-width: 784px) 354px, (min-width: 712px) 531px, (min-width: 640px) 712px, \" \/><\/a><\/div><\/div><\/div><div class=\"swiper-slide\"><div class=\"fusion-carousel-item-wrapper\"><div class=\"fusion-image-wrapper hover-type-liftup\"><a href=\"https:\/\/www.oralitatdegasconha.net\/\" target=\"_blank\" rel=\"noopener noreferrer\"><img decoding=\"async\" width=\"800\" height=\"600\" src=\"https:\/\/www.re-tramontana.org\/wp-content\/uploads\/2019\/12\/oralitat-de-gasconha.jpg\" class=\"attachment-full size-full\" alt=\"Oralitat de gasconha\" srcset=\"https:\/\/www.re-tramontana.org\/wp-content\/uploads\/2019\/12\/oralitat-de-gasconha-200x150.jpg 200w, https:\/\/www.re-tramontana.org\/wp-content\/uploads\/2019\/12\/oralitat-de-gasconha-400x300.jpg 400w, https:\/\/www.re-tramontana.org\/wp-content\/uploads\/2019\/12\/oralitat-de-gasconha-600x450.jpg 600w, https:\/\/www.re-tramontana.org\/wp-content\/uploads\/2019\/12\/oralitat-de-gasconha.jpg 800w\" sizes=\"(min-width: 2200px) 100vw, (min-width: 856px) 265px, (min-width: 784px) 354px, (min-width: 712px) 531px, (min-width: 640px) 712px, \" \/><\/a><\/div><\/div><\/div><div class=\"swiper-slide\"><div class=\"fusion-carousel-item-wrapper\"><div class=\"fusion-image-wrapper hover-type-liftup\"><a href=\"http:\/\/www.soinumapa.net\/\" target=\"_blank\" rel=\"noopener noreferrer\"><img decoding=\"async\" width=\"800\" height=\"600\" src=\"https:\/\/www.re-tramontana.org\/wp-content\/uploads\/2019\/12\/soinumapa.jpg\" class=\"attachment-full size-full\" alt=\"Soinumapa\" srcset=\"https:\/\/www.re-tramontana.org\/wp-content\/uploads\/2019\/12\/soinumapa-200x150.jpg 200w, https:\/\/www.re-tramontana.org\/wp-content\/uploads\/2019\/12\/soinumapa-400x300.jpg 400w, https:\/\/www.re-tramontana.org\/wp-content\/uploads\/2019\/12\/soinumapa-600x450.jpg 600w, https:\/\/www.re-tramontana.org\/wp-content\/uploads\/2019\/12\/soinumapa.jpg 800w\" sizes=\"(min-width: 2200px) 100vw, (min-width: 856px) 265px, (min-width: 784px) 354px, (min-width: 712px) 531px, (min-width: 640px) 712px, \" \/><\/a><\/div><\/div><\/div><\/div><\/div><\/div><div class=\"fusion-clearfix\"><\/div><\/div><\/div><\/div><\/div>\n","protected":false},"excerpt":{"rendered":"","protected":false},"author":15,"featured_media":0,"parent":0,"menu_order":0,"comment_status":"closed","ping_status":"closed","template":"","meta":{"_acf_changed":false,"slim_seo":{"title":"Archives Num\u00e9riques - R\u00e9seau Tramontana","description":"Au cours du projet Tramontana III, un effort collectif a \u00e9t\u00e9 accompli pour restituer les milliers de collectes r\u00e9alis\u00e9es et les rendre accessibles au grand publ"},"footnotes":""},"class_list":["post-5541","page","type-page","status-publish","hentry"],"acf":[],"_links":{"self":[{"href":"https:\/\/www.re-tramontana.org\/fr\/wp-json\/wp\/v2\/pages\/5541","targetHints":{"allow":["GET"]}}],"collection":[{"href":"https:\/\/www.re-tramontana.org\/fr\/wp-json\/wp\/v2\/pages"}],"about":[{"href":"https:\/\/www.re-tramontana.org\/fr\/wp-json\/wp\/v2\/types\/page"}],"author":[{"embeddable":true,"href":"https:\/\/www.re-tramontana.org\/fr\/wp-json\/wp\/v2\/users\/15"}],"replies":[{"embeddable":true,"href":"https:\/\/www.re-tramontana.org\/fr\/wp-json\/wp\/v2\/comments?post=5541"}],"version-history":[{"count":6,"href":"https:\/\/www.re-tramontana.org\/fr\/wp-json\/wp\/v2\/pages\/5541\/revisions"}],"predecessor-version":[{"id":7370,"href":"https:\/\/www.re-tramontana.org\/fr\/wp-json\/wp\/v2\/pages\/5541\/revisions\/7370"}],"wp:attachment":[{"href":"https:\/\/www.re-tramontana.org\/fr\/wp-json\/wp\/v2\/media?parent=5541"}],"curies":[{"name":"wp","href":"https:\/\/api.w.org\/{rel}","templated":true}]}}