{"id":4524,"date":"2019-04-10T15:28:55","date_gmt":"2019-04-10T15:28:55","guid":{"rendered":"http:\/\/www.re-tramontana.org\/?page_id=4524"},"modified":"2024-09-28T19:47:04","modified_gmt":"2024-09-28T19:47:04","slug":"actions","status":"publish","type":"page","link":"https:\/\/www.re-tramontana.org\/fr\/actions\/","title":{"rendered":"Actions"},"content":{"rendered":"<p><div class=\"fusion-fullwidth fullwidth-box fusion-builder-row-1 nonhundred-percent-fullwidth non-hundred-percent-height-scrolling\" style=\"--awb-border-radius-top-left:0px;--awb-border-radius-top-right:0px;--awb-border-radius-bottom-right:0px;--awb-border-radius-bottom-left:0px;--awb-flex-wrap:wrap;\" ><div class=\"fusion-builder-row fusion-row\"><div class=\"fusion-layout-column fusion_builder_column fusion-builder-column-0 fusion_builder_column_1_1 1_1 fusion-one-full fusion-column-first fusion-column-last\" style=\"--awb-bg-size:cover;--awb-margin-bottom:0px;\"><div class=\"fusion-column-wrapper fusion-flex-column-wrapper-legacy\"><div class=\"fusion-text fusion-text-1\"><p>La conception de notre projet fait re\u0301fe\u0301rence a\u0300 une matrice en mesure de desservir aussi bien la nature multidisciplinaire du re\u0301seau Tramontana qu\u2019un ensemble tre\u0300s spe\u0301cifique d\u2019actions collectives \u00abd\u2019ancrage\u00bb. Celles-ci rendent possible un travail oriente\u0301 vers un ensemble de re\u0301sultats concrets, exploitables par des publics locaux et internationaux et garantissant des standards e\u0301leve\u0301s de rigueur scientifique ainsi qu\u2019un retentissement artistique et cre\u0301atif.<\/p>\n<p>Il ne s\u2019agit donc pas d\u2019une liste casuistique, mais pluto\u0302t d\u2019un ensemble cohe\u0301rent de dimensions pertinentes pour un projet qui se veut pe\u0301renne, e\u0301volutif et disse\u0301mine\u0301 ge\u0301ographiquement et socialement.<\/p>\n<h3><strong>I. TERRA TRAMONTANA<\/strong><\/h3>\n<p>Programme inte\u0301gre\u0301 d\u2019enque\u0302tes de terrain audiovisuelles et sonores dans les zones montagneuses d\u2019Europe, d\u2019apre\u0300s des me\u0301thodologies de recherche et des the\u0300mes communs.\u00a0\u00a0Programme inte\u0301gre\u0301 d\u2019e\u0301dition, nume\u0301risation, transcription, archivage et catalogage d\u2019enque\u0302tes audiovisuelles et sonores ou de documents relevant d\u2019archives prive\u0301es des zones de montagne.<\/p>\n<h3><strong>II. SEMINA TRAMONTANA<\/strong><\/h3>\n<p>Programme inte\u0301gre\u0301 d\u2019ateliers, e\u0301ve\u0301nements, animations et publications a\u0300 destination de publics scolaires et universitaires et lie\u0301s a\u0300 la documentation patrimoniale des montagnes europe\u0301ennes.<\/p>\n<h3><strong>III. LAB TRAMONTANA<\/strong><\/h3>\n<p>Programme inte\u0301gre\u0301 de cre\u0301ations artistiques, documentaires et recherches scientifiques, r\u00e9alis\u00e9s par chaque partenaire ou alors collectifs,\u00a0lie\u0301s a\u0300 la documentation patrimoniale des montagnes europe\u0301ennes.<\/p>\n<h3><strong>IV. ARIA TRAMONTANA<\/strong><\/h3>\n<p>Programme inte\u0301gre\u0301 d&rsquo;e\u0301ve\u0301nements de diffusion des re\u0301sultats et de promotion aupre\u0300s des communaute\u0301s et des re\u0301seaux, ayant pour mission le soutien a\u0300 une meilleure visibilite\u0301 du projet.<\/p>\n<\/div><div class=\"fusion-sep-clear\"><\/div><div class=\"fusion-separator fusion-full-width-sep\" style=\"margin-left: auto;margin-right: auto;margin-top:5%;margin-bottom:5%;width:100%;\"><div class=\"fusion-separator-border sep-single sep-dotted\" style=\"--awb-height:20px;--awb-amount:20px;border-color:#e0dede;border-top-width:1px;\"><\/div><\/div><div class=\"fusion-sep-clear\"><\/div><div class=\"fusion-clearfix\"><\/div><\/div><\/div><\/div><\/div><div class=\"fusion-fullwidth fullwidth-box fusion-builder-row-2 nonhundred-percent-fullwidth non-hundred-percent-height-scrolling\" style=\"--awb-border-radius-top-left:0px;--awb-border-radius-top-right:0px;--awb-border-radius-bottom-right:0px;--awb-border-radius-bottom-left:0px;--awb-flex-wrap:wrap;\" ><div class=\"fusion-builder-row fusion-row\"><div class=\"fusion-layout-column fusion_builder_column fusion-builder-column-1 fusion_builder_column_1_1 1_1 fusion-one-full fusion-column-first fusion-column-last\" style=\"--awb-bg-size:cover;--awb-margin-bottom:0px;\"><div class=\"fusion-column-wrapper fusion-flex-column-wrapper-legacy\"><div class=\"fusion-recent-works fusion-portfolio-element fusion-portfolio fusion-portfolio-1 fusion-portfolio-grid fusion-portfolio-paging-pagination fusion-portfolio-two fusion-portfolio-no_text fusion-portfolio-rollover fusion-animated\" data-id=\"-rw-1\" data-columns=\"two\" data-animationType=\"slideInDown\" data-animationDuration=\"0.3\" data-animationOffset=\"top-into-view\"><style type=\"text\/css\">.fusion-portfolio-1 .fusion-portfolio-wrapper .fusion-col-spacing{padding:10px;}<\/style><div class=\"fusion-portfolio-wrapper\" id=\"fusion-portfolio-1\" data-picturesize=\"auto\" data-pages=\"1\" style=\"margin:-10px;\"><article id=\"portfolio-1-post-4234\" class=\"fusion-portfolio-post actions fusion-col-spacing post-4234\"><div class=\"fusion-portfolio-content-wrapper\" style=\"border:none;\"><span class=\"entry-title rich-snippet-hidden\">TERRA Tramontana<\/span><span class=\"vcard rich-snippet-hidden\"><span class=\"fn\"><a href=\"https:\/\/www.re-tramontana.org\/fr\/author\/luiscosta\/\" title=\"Articles par luiscosta\" rel=\"author\">luiscosta<\/a><\/span><\/span><span class=\"updated rich-snippet-hidden\">2020-04-22T11:47:04+00:00<\/span><div  class=\"fusion-image-wrapper\" aria-haspopup=\"true\">\n\t\t\t\t<img decoding=\"async\" width=\"1920\" height=\"1358\" src=\"https:\/\/www.re-tramontana.org\/wp-content\/uploads\/2019\/04\/Separadores-Tramontana-TERRA-1-e1555363880419.jpg\" class=\"attachment-full size-full wp-post-image\" alt=\"Print\" \/><div class=\"fusion-rollover\">\n\t<div class=\"fusion-rollover-content\">\n\n\t\t\t\t\t\t\t\t\t\t\t\t\t\t<a class=\"fusion-rollover-link\" href=\"https:\/\/www.re-tramontana.org\/fr\/portfolio-items\/terra-tramontana\/?portfolioCats=284\">TERRA Tramontana<\/a>\n\t\t\t\n\t\t\t\t\t\t\t\t\t\t\t\t\t\t\n\t\t\t\t\t\t\t\t\n\t\t\t\t\t\t\t\t\t\t\t\t\t<div class=\"fusion-rollover-sep\"><\/div>\n\t\t\t\t\n\t\t\t\t\t\t\t\t\t\t\t\t\t\t\t\t\t\t<a class=\"fusion-rollover-gallery\" href=\"https:\/\/www.re-tramontana.org\/wp-content\/uploads\/2019\/04\/Separadores-Tramontana-TERRA-1-e1555363880419.jpg\" data-options=\"\" data-id=\"4234\" data-rel=\"iLightbox[gallery-rw-1]\" data-title=\"Print\" data-caption=\"\">\n\t\t\t\t\t\tGallery\t\t\t\t\t<\/a>\n\t\t\t\t\t\t\t\t\t\t\t\t\t\t\n\t\t\n\t\t\t\t\t\t\t\t\t\t\t\t<h4 class=\"fusion-rollover-title\">\n\t\t\t\t\t<a class=\"fusion-rollover-title-link\" href=\"https:\/\/www.re-tramontana.org\/fr\/portfolio-items\/terra-tramontana\/?portfolioCats=284\">\n\t\t\t\t\t\tTERRA Tramontana\t\t\t\t\t<\/a>\n\t\t\t\t<\/h4>\n\t\t\t\n\t\t\t\t\t\t\t\t\t\t<div class=\"fusion-rollover-categories\"><a href=\"https:\/\/www.re-tramontana.org\/fr\/portfolio_category\/actions\/\" rel=\"tag\">Actions<\/a><\/div>\t\t\t\t\t\n\t\t\n\t\t\t\t\t\t<a class=\"fusion-link-wrapper\" href=\"https:\/\/www.re-tramontana.org\/fr\/portfolio-items\/terra-tramontana\/?portfolioCats=284\" aria-label=\"TERRA Tramontana\"><\/a>\n\t<\/div>\n<\/div>\n<\/div>\n<\/div><\/article><article id=\"portfolio-1-post-4217\" class=\"fusion-portfolio-post actions fusion-col-spacing post-4217\"><div class=\"fusion-portfolio-content-wrapper\" style=\"border:none;\"><span class=\"entry-title rich-snippet-hidden\">LAB Tramontana<\/span><span class=\"vcard rich-snippet-hidden\"><span class=\"fn\"><a href=\"https:\/\/www.re-tramontana.org\/fr\/author\/luiscosta\/\" title=\"Articles par luiscosta\" rel=\"author\">luiscosta<\/a><\/span><\/span><span class=\"updated rich-snippet-hidden\">2020-04-22T11:54:51+00:00<\/span><div  class=\"fusion-image-wrapper\" aria-haspopup=\"true\">\n\t\t\t\t<img decoding=\"async\" width=\"1920\" height=\"1358\" src=\"https:\/\/www.re-tramontana.org\/wp-content\/uploads\/2019\/04\/Separadores-Tramontana-LAB-1-e1555364157635.jpg\" class=\"attachment-full size-full wp-post-image\" alt=\"Print\" \/><div class=\"fusion-rollover\">\n\t<div class=\"fusion-rollover-content\">\n\n\t\t\t\t\t\t\t\t\t\t\t\t\t\t<a class=\"fusion-rollover-link\" href=\"https:\/\/www.re-tramontana.org\/fr\/portfolio-items\/lab-tramontana\/?portfolioCats=284\">LAB Tramontana<\/a>\n\t\t\t\n\t\t\t\t\t\t\t\t\t\t\t\t\t\t\n\t\t\t\t\t\t\t\t\n\t\t\t\t\t\t\t\t\t\t\t\t\t<div class=\"fusion-rollover-sep\"><\/div>\n\t\t\t\t\n\t\t\t\t\t\t\t\t\t\t\t\t\t\t\t\t\t\t<a class=\"fusion-rollover-gallery\" href=\"https:\/\/www.re-tramontana.org\/wp-content\/uploads\/2019\/04\/Separadores-Tramontana-LAB-1-e1555364157635.jpg\" data-options=\"\" data-id=\"4217\" data-rel=\"iLightbox[gallery-rw-1]\" data-title=\"Print\" data-caption=\"\">\n\t\t\t\t\t\tGallery\t\t\t\t\t<\/a>\n\t\t\t\t\t\t\t\t\t\t\t\t\t\t\n\t\t\n\t\t\t\t\t\t\t\t\t\t\t\t<h4 class=\"fusion-rollover-title\">\n\t\t\t\t\t<a class=\"fusion-rollover-title-link\" href=\"https:\/\/www.re-tramontana.org\/fr\/portfolio-items\/lab-tramontana\/?portfolioCats=284\">\n\t\t\t\t\t\tLAB Tramontana\t\t\t\t\t<\/a>\n\t\t\t\t<\/h4>\n\t\t\t\n\t\t\t\t\t\t\t\t\t\t<div class=\"fusion-rollover-categories\"><a href=\"https:\/\/www.re-tramontana.org\/fr\/portfolio_category\/actions\/\" rel=\"tag\">Actions<\/a><\/div>\t\t\t\t\t\n\t\t\n\t\t\t\t\t\t<a class=\"fusion-link-wrapper\" href=\"https:\/\/www.re-tramontana.org\/fr\/portfolio-items\/lab-tramontana\/?portfolioCats=284\" aria-label=\"LAB Tramontana\"><\/a>\n\t<\/div>\n<\/div>\n<\/div>\n<\/div><\/article><article id=\"portfolio-1-post-4228\" class=\"fusion-portfolio-post actions fusion-col-spacing post-4228\"><div class=\"fusion-portfolio-content-wrapper\" style=\"border:none;\"><span class=\"entry-title rich-snippet-hidden\">SEMINA Tramontana<\/span><span class=\"vcard rich-snippet-hidden\"><span class=\"fn\"><a href=\"https:\/\/www.re-tramontana.org\/fr\/author\/luiscosta\/\" title=\"Articles par luiscosta\" rel=\"author\">luiscosta<\/a><\/span><\/span><span class=\"updated rich-snippet-hidden\">2020-04-22T11:51:34+00:00<\/span><div  class=\"fusion-image-wrapper\" aria-haspopup=\"true\">\n\t\t\t\t<img decoding=\"async\" width=\"1920\" height=\"1358\" src=\"https:\/\/www.re-tramontana.org\/wp-content\/uploads\/2019\/04\/Separadores-Tramontana-SEMINA-1-e1555363985981.jpg\" class=\"attachment-full size-full wp-post-image\" alt=\"Print\" \/><div class=\"fusion-rollover\">\n\t<div class=\"fusion-rollover-content\">\n\n\t\t\t\t\t\t\t\t\t\t\t\t\t\t<a class=\"fusion-rollover-link\" href=\"https:\/\/www.re-tramontana.org\/fr\/portfolio-items\/semina-tramontana\/?portfolioCats=284\">SEMINA Tramontana<\/a>\n\t\t\t\n\t\t\t\t\t\t\t\t\t\t\t\t\t\t\n\t\t\t\t\t\t\t\t\n\t\t\t\t\t\t\t\t\t\t\t\t\t<div class=\"fusion-rollover-sep\"><\/div>\n\t\t\t\t\n\t\t\t\t\t\t\t\t\t\t\t\t\t\t\t\t\t\t<a class=\"fusion-rollover-gallery\" href=\"https:\/\/www.re-tramontana.org\/wp-content\/uploads\/2019\/04\/Separadores-Tramontana-SEMINA-1-e1555363985981.jpg\" data-options=\"\" data-id=\"4228\" data-rel=\"iLightbox[gallery-rw-1]\" data-title=\"Print\" data-caption=\"\">\n\t\t\t\t\t\tGallery\t\t\t\t\t<\/a>\n\t\t\t\t\t\t\t\t\t\t\t\t\t\t\n\t\t\n\t\t\t\t\t\t\t\t\t\t\t\t<h4 class=\"fusion-rollover-title\">\n\t\t\t\t\t<a class=\"fusion-rollover-title-link\" href=\"https:\/\/www.re-tramontana.org\/fr\/portfolio-items\/semina-tramontana\/?portfolioCats=284\">\n\t\t\t\t\t\tSEMINA Tramontana\t\t\t\t\t<\/a>\n\t\t\t\t<\/h4>\n\t\t\t\n\t\t\t\t\t\t\t\t\t\t<div class=\"fusion-rollover-categories\"><a href=\"https:\/\/www.re-tramontana.org\/fr\/portfolio_category\/actions\/\" rel=\"tag\">Actions<\/a><\/div>\t\t\t\t\t\n\t\t\n\t\t\t\t\t\t<a class=\"fusion-link-wrapper\" href=\"https:\/\/www.re-tramontana.org\/fr\/portfolio-items\/semina-tramontana\/?portfolioCats=284\" aria-label=\"SEMINA Tramontana\"><\/a>\n\t<\/div>\n<\/div>\n<\/div>\n<\/div><\/article><article id=\"portfolio-1-post-4222\" class=\"fusion-portfolio-post actions fusion-col-spacing post-4222\"><div class=\"fusion-portfolio-content-wrapper\" style=\"border:none;\"><span class=\"entry-title rich-snippet-hidden\">ARIA Tramontana<\/span><span class=\"vcard rich-snippet-hidden\"><span class=\"fn\"><a href=\"https:\/\/www.re-tramontana.org\/fr\/author\/luiscosta\/\" title=\"Articles par luiscosta\" rel=\"author\">luiscosta<\/a><\/span><\/span><span class=\"updated rich-snippet-hidden\">2024-10-03T12:19:19+00:00<\/span><div  class=\"fusion-image-wrapper\" aria-haspopup=\"true\">\n\t\t\t\t<img decoding=\"async\" width=\"2560\" height=\"1810\" src=\"https:\/\/www.re-tramontana.org\/wp-content\/uploads\/2019\/12\/Separadores-Tramontana-ARIA-scaled-e1727723080447.jpg\" class=\"attachment-full size-full wp-post-image\" alt=\"Separadores Tramontana ARIA\" \/><div class=\"fusion-rollover\">\n\t<div class=\"fusion-rollover-content\">\n\n\t\t\t\t\t\t\t\t\t\t\t\t\t\t<a class=\"fusion-rollover-link\" href=\"https:\/\/www.re-tramontana.org\/fr\/portfolio-items\/aria-tramontana\/?portfolioCats=284\">ARIA Tramontana<\/a>\n\t\t\t\n\t\t\t\t\t\t\t\t\t\t\t\t\t\t\n\t\t\t\t\t\t\t\t\n\t\t\t\t\t\t\t\t\t\t\t\t\t<div class=\"fusion-rollover-sep\"><\/div>\n\t\t\t\t\n\t\t\t\t\t\t\t\t\t\t\t\t\t\t\t\t\t\t<a class=\"fusion-rollover-gallery\" href=\"https:\/\/www.re-tramontana.org\/wp-content\/uploads\/2019\/12\/Separadores-Tramontana-ARIA-scaled-e1727723080447.jpg\" data-options=\"\" data-id=\"4222\" data-rel=\"iLightbox[gallery-rw-1]\" data-title=\"Separadores Tramontana-ARIA\" data-caption=\"\">\n\t\t\t\t\t\tGallery\t\t\t\t\t<\/a>\n\t\t\t\t\t\t\t\t\t\t\t\t\t\t\n\t\t\n\t\t\t\t\t\t\t\t\t\t\t\t<h4 class=\"fusion-rollover-title\">\n\t\t\t\t\t<a class=\"fusion-rollover-title-link\" href=\"https:\/\/www.re-tramontana.org\/fr\/portfolio-items\/aria-tramontana\/?portfolioCats=284\">\n\t\t\t\t\t\tARIA Tramontana\t\t\t\t\t<\/a>\n\t\t\t\t<\/h4>\n\t\t\t\n\t\t\t\t\t\t\t\t\t\t<div class=\"fusion-rollover-categories\"><a href=\"https:\/\/www.re-tramontana.org\/fr\/portfolio_category\/actions\/\" rel=\"tag\">Actions<\/a><\/div>\t\t\t\t\t\n\t\t\n\t\t\t\t\t\t<a class=\"fusion-link-wrapper\" href=\"https:\/\/www.re-tramontana.org\/fr\/portfolio-items\/aria-tramontana\/?portfolioCats=284\" aria-label=\"ARIA Tramontana\"><\/a>\n\t<\/div>\n<\/div>\n<\/div>\n<\/div><\/article><\/div><\/div><div class=\"fusion-clearfix\"><\/div><\/div><\/div><\/div><\/div><\/p>\n","protected":false},"excerpt":{"rendered":"","protected":false},"author":2,"featured_media":0,"parent":0,"menu_order":0,"comment_status":"closed","ping_status":"closed","template":"","meta":{"_acf_changed":false,"slim_seo":{"title":"ARIA Tramontana - R\u00e9seau Tramontana","description":"ARIA Tramontana constitue ub programme de festivals, expositions multim\u00e9dia et d'\u00e9v\u00e9nements publiques constitue un ensemble coordonn\u00e9 d'actions de haut profil l"},"footnotes":""},"class_list":["post-4524","page","type-page","status-publish","hentry"],"acf":[],"_links":{"self":[{"href":"https:\/\/www.re-tramontana.org\/fr\/wp-json\/wp\/v2\/pages\/4524","targetHints":{"allow":["GET"]}}],"collection":[{"href":"https:\/\/www.re-tramontana.org\/fr\/wp-json\/wp\/v2\/pages"}],"about":[{"href":"https:\/\/www.re-tramontana.org\/fr\/wp-json\/wp\/v2\/types\/page"}],"author":[{"embeddable":true,"href":"https:\/\/www.re-tramontana.org\/fr\/wp-json\/wp\/v2\/users\/2"}],"replies":[{"embeddable":true,"href":"https:\/\/www.re-tramontana.org\/fr\/wp-json\/wp\/v2\/comments?post=4524"}],"version-history":[{"count":6,"href":"https:\/\/www.re-tramontana.org\/fr\/wp-json\/wp\/v2\/pages\/4524\/revisions"}],"predecessor-version":[{"id":6202,"href":"https:\/\/www.re-tramontana.org\/fr\/wp-json\/wp\/v2\/pages\/4524\/revisions\/6202"}],"wp:attachment":[{"href":"https:\/\/www.re-tramontana.org\/fr\/wp-json\/wp\/v2\/media?parent=4524"}],"curies":[{"name":"wp","href":"https:\/\/api.w.org\/{rel}","templated":true}]}}